{"id":85,"date":"2020-03-16T10:24:05","date_gmt":"2020-03-16T09:24:05","guid":{"rendered":"https:\/\/wildenadvisory.com\/?page_id=85"},"modified":"2023-12-18T12:25:15","modified_gmt":"2023-12-18T11:25:15","slug":"wer-wir-sind","status":"publish","type":"page","link":"https:\/\/wildenadvisory.com\/en\/wer-wir-sind\/","title":{"rendered":"Who we are"},"content":{"rendered":"<div data-elementor-type=\"wp-page\" data-elementor-id=\"85\" class=\"elementor elementor-85\" data-elementor-post-type=\"page\">\n\t\t\t\t\t\t<section class=\"elementor-section elementor-top-section elementor-element elementor-element-10de82d elementor-section-boxed elementor-section-height-default elementor-section-height-default\" data-id=\"10de82d\" data-element_type=\"section\" data-e-type=\"section\">\n\t\t\t\t\t\t<div class=\"elementor-container elementor-column-gap-default\">\n\t\t\t\t\t<div class=\"elementor-column elementor-col-100 elementor-top-column elementor-element elementor-element-ee52799\" data-id=\"ee52799\" data-element_type=\"column\" data-e-type=\"column\">\n\t\t\t<div class=\"elementor-widget-wrap elementor-element-populated\">\n\t\t\t\t\t\t<div class=\"elementor-element elementor-element-213941b elementor-widget elementor-widget-heading\" data-id=\"213941b\" data-element_type=\"widget\" data-e-type=\"widget\" data-widget_type=\"heading.default\">\n\t\t\t\t<div class=\"elementor-widget-container\">\n\t\t\t\t\t<h2 class=\"elementor-heading-title elementor-size-default\">The world belongs to those who show courage<\/h2>\t\t\t\t<\/div>\n\t\t\t\t<\/div>\n\t\t\t\t\t<\/div>\n\t\t<\/div>\n\t\t\t\t\t<\/div>\n\t\t<\/section>\n\t\t\t\t<section class=\"elementor-section elementor-top-section elementor-element elementor-element-60a1555 elementor-section-boxed elementor-section-height-default elementor-section-height-default\" data-id=\"60a1555\" data-element_type=\"section\" data-e-type=\"section\">\n\t\t\t\t\t\t<div class=\"elementor-container elementor-column-gap-default\">\n\t\t\t\t\t<div class=\"elementor-column elementor-col-66 elementor-top-column elementor-element elementor-element-366adce\" data-id=\"366adce\" data-element_type=\"column\" data-e-type=\"column\">\n\t\t\t<div class=\"elementor-widget-wrap elementor-element-populated\">\n\t\t\t\t\t\t<div class=\"elementor-element elementor-element-d8fd542 elementor-widget elementor-widget-text-editor\" data-id=\"d8fd542\" data-element_type=\"widget\" data-e-type=\"widget\" data-widget_type=\"text-editor.default\">\n\t\t\t\t<div class=\"elementor-widget-container\">\n\t\t\t\t\t\t\t\t\t<p>We believe in this adage. It is courage that unites us. The courage to make decisions, to adjust course, to explore new horizons. We are selective about what we focus on and dedicate our attention to topics that complement our own successful practices, to accomplish an operational outcome that is measurable for our clients.<\/p><p>WILDEN Advisory partners are based in Germany, Denmark, and UK. With a combined 25+ years of experience acquired through working for global IT enterprises, our portfolio is composed of some of the largest and most complex IT transformation, outsourcing and M&amp;A projects in Europe. From business development to contract negotiation and signing to operational delivery including the setting up of onshore, nearshore and offshore units.<\/p><p>We offer access to our experience and our international network. Staying on course to ensure the right decisions in the thicket of daily operations, we fine-tune the nodes that decide on success or failure. Our approach centres on viable solutions rather than abstract models.<\/p>\t\t\t\t\t\t\t\t<\/div>\n\t\t\t\t<\/div>\n\t\t\t\t\t<\/div>\n\t\t<\/div>\n\t\t\t\t<div class=\"elementor-column elementor-col-33 elementor-top-column elementor-element elementor-element-fa306d5\" data-id=\"fa306d5\" data-element_type=\"column\" data-e-type=\"column\">\n\t\t\t<div class=\"elementor-widget-wrap elementor-element-populated\">\n\t\t\t\t\t\t<div class=\"elementor-element elementor-element-749006a elementor-widget elementor-widget-image\" data-id=\"749006a\" data-element_type=\"widget\" data-e-type=\"widget\" data-widget_type=\"image.default\">\n\t\t\t\t<div class=\"elementor-widget-container\">\n\t\t\t\t\t\t\t\t\t\t\t\t\t\t\t<img fetchpriority=\"high\" decoding=\"async\" width=\"1024\" height=\"683\" src=\"https:\/\/wildenadvisory.com\/wp-content\/uploads\/2020\/03\/athletes-1867185_1920-2-1024x683-1.jpg\" class=\"attachment-large size-large wp-image-101\" alt=\"\" srcset=\"https:\/\/wildenadvisory.com\/wp-content\/uploads\/2020\/03\/athletes-1867185_1920-2-1024x683-1.jpg 1024w, https:\/\/wildenadvisory.com\/wp-content\/uploads\/2020\/03\/athletes-1867185_1920-2-1024x683-1-300x200.jpg 300w, https:\/\/wildenadvisory.com\/wp-content\/uploads\/2020\/03\/athletes-1867185_1920-2-1024x683-1-768x512.jpg 768w\" sizes=\"(max-width: 1024px) 100vw, 1024px\" \/>\t\t\t\t\t\t\t\t\t\t\t\t\t\t\t<\/div>\n\t\t\t\t<\/div>\n\t\t\t\t\t<\/div>\n\t\t<\/div>\n\t\t\t\t\t<\/div>\n\t\t<\/section>\n\t\t\t\t<\/div>","protected":false},"excerpt":{"rendered":"<p>Die Welt geh\u00f6rt den Mutigen An diesen Grundsatz glauben wir. Mut eint uns. Mut zu entscheiden, Mut zu korrigieren, Mut neue Wege zu gehen. Wir konzentrieren uns auf ausgew\u00e4hlte Themenfelder. Themenfelder bei denen wir eigene, erfolgreiche Erfahrungen nutzen, um operativ messbare Resultate f\u00fcr unsere Kunden zu erzielen. WILDEN Advisory besteht aus Partnern in Deutschland, D\u00e4nemark [&hellip;]<\/p>\n","protected":false},"author":7,"featured_media":0,"parent":0,"menu_order":0,"comment_status":"closed","ping_status":"closed","template":"","meta":{"site-sidebar-layout":"no-sidebar","site-content-layout":"page-builder","ast-site-content-layout":"default","site-content-style":"default","site-sidebar-style":"default","ast-global-header-display":"","ast-banner-title-visibility":"","ast-main-header-display":"","ast-hfb-above-header-display":"","ast-hfb-below-header-display":"","ast-hfb-mobile-header-display":"","site-post-title":"disabled","ast-breadcrumbs-content":"","ast-featured-img":"disabled","footer-sml-layout":"","ast-disable-related-posts":"","theme-transparent-header-meta":"default","adv-header-id-meta":"","stick-header-meta":"","header-above-stick-meta":"","header-main-stick-meta":"","header-below-stick-meta":"","astra-migrate-meta-layouts":"default","ast-page-background-enabled":"default","ast-page-background-meta":{"desktop":{"background-color":"","background-image":"","background-repeat":"repeat","background-position":"center center","background-size":"auto","background-attachment":"scroll","background-type":"","background-media":"","overlay-type":"","overlay-color":"","overlay-opacity":"","overlay-gradient":""},"tablet":{"background-color":"","background-image":"","background-repeat":"repeat","background-position":"center center","background-size":"auto","background-attachment":"scroll","background-type":"","background-media":"","overlay-type":"","overlay-color":"","overlay-opacity":"","overlay-gradient":""},"mobile":{"background-color":"","background-image":"","background-repeat":"repeat","background-position":"center center","background-size":"auto","background-attachment":"scroll","background-type":"","background-media":"","overlay-type":"","overlay-color":"","overlay-opacity":"","overlay-gradient":""}},"ast-content-background-meta":{"desktop":{"background-color":"var(--ast-global-color-5)","background-image":"","background-repeat":"repeat","background-position":"center center","background-size":"auto","background-attachment":"scroll","background-type":"","background-media":"","overlay-type":"","overlay-color":"","overlay-opacity":"","overlay-gradient":""},"tablet":{"background-color":"var(--ast-global-color-5)","background-image":"","background-repeat":"repeat","background-position":"center center","background-size":"auto","background-attachment":"scroll","background-type":"","background-media":"","overlay-type":"","overlay-color":"","overlay-opacity":"","overlay-gradient":""},"mobile":{"background-color":"var(--ast-global-color-5)","background-image":"","background-repeat":"repeat","background-position":"center center","background-size":"auto","background-attachment":"scroll","background-type":"","background-media":"","overlay-type":"","overlay-color":"","overlay-opacity":"","overlay-gradient":""}},"footnotes":""},"class_list":["post-85","page","type-page","status-publish","hentry"],"_links":{"self":[{"href":"https:\/\/wildenadvisory.com\/en\/wp-json\/wp\/v2\/pages\/85","targetHints":{"allow":["GET"]}}],"collection":[{"href":"https:\/\/wildenadvisory.com\/en\/wp-json\/wp\/v2\/pages"}],"about":[{"href":"https:\/\/wildenadvisory.com\/en\/wp-json\/wp\/v2\/types\/page"}],"author":[{"embeddable":true,"href":"https:\/\/wildenadvisory.com\/en\/wp-json\/wp\/v2\/users\/7"}],"replies":[{"embeddable":true,"href":"https:\/\/wildenadvisory.com\/en\/wp-json\/wp\/v2\/comments?post=85"}],"version-history":[{"count":9,"href":"https:\/\/wildenadvisory.com\/en\/wp-json\/wp\/v2\/pages\/85\/revisions"}],"predecessor-version":[{"id":217,"href":"https:\/\/wildenadvisory.com\/en\/wp-json\/wp\/v2\/pages\/85\/revisions\/217"}],"wp:attachment":[{"href":"https:\/\/wildenadvisory.com\/en\/wp-json\/wp\/v2\/media?parent=85"}],"curies":[{"name":"wp","href":"https:\/\/api.w.org\/{rel}","templated":true}]}}